{"id":3096,"date":"2020-04-08T11:18:34","date_gmt":"2020-04-08T09:18:34","guid":{"rendered":"https:\/\/www.lilolauser.com\/shop\/impressum\/"},"modified":"2025-07-09T10:48:53","modified_gmt":"2025-07-09T08:48:53","slug":"impressum","status":"publish","type":"page","link":"https:\/\/www.lilolauser.com\/shop\/impressum\/","title":{"rendered":"Impressum"},"content":{"rendered":"\t\t<div data-elementor-type=\"wp-page\" data-elementor-id=\"3096\" class=\"elementor elementor-3096\">\n\t\t\t\t\t\t<section class=\"elementor-section elementor-top-section elementor-element elementor-element-8ec99da elementor-section-stretched elementor-section-full_width elementor-section-content-middle elementor-section-height-default elementor-section-height-default\" data-id=\"8ec99da\" data-element_type=\"section\" data-settings=\"{&quot;stretch_section&quot;:&quot;section-stretched&quot;,&quot;background_background&quot;:&quot;gradient&quot;}\">\n\t\t\t\t\t\t\t<div class=\"elementor-background-overlay\"><\/div>\n\t\t\t\t\t\t\t<div class=\"elementor-container elementor-column-gap-no\">\n\t\t\t\t\t<div class=\"elementor-column elementor-col-100 elementor-top-column elementor-element elementor-element-2548a80\" data-id=\"2548a80\" data-element_type=\"column\">\n\t\t\t<div class=\"elementor-widget-wrap elementor-element-populated\">\n\t\t\t\t\t\t<section class=\"elementor-section elementor-inner-section elementor-element elementor-element-f4948cb elementor-section-boxed elementor-section-height-default elementor-section-height-default\" data-id=\"f4948cb\" data-element_type=\"section\">\n\t\t\t\t\t\t\t<div class=\"elementor-background-overlay\"><\/div>\n\t\t\t\t\t\t\t<div class=\"elementor-container elementor-column-gap-default\">\n\t\t\t\t\t<div class=\"elementor-column elementor-col-50 elementor-inner-column elementor-element elementor-element-5b7f271\" data-id=\"5b7f271\" data-element_type=\"column\">\n\t\t\t<div class=\"elementor-widget-wrap elementor-element-populated\">\n\t\t\t\t\t\t<div class=\"elementor-element elementor-element-21114d1 elementor-invisible elementor-widget elementor-widget-heading\" data-id=\"21114d1\" data-element_type=\"widget\" data-settings=\"{&quot;_animation&quot;:&quot;fadeIn&quot;,&quot;_animation_delay&quot;:&quot;50&quot;}\" data-widget_type=\"heading.default\">\n\t\t\t\t<div class=\"elementor-widget-container\">\n\t\t\t<h2 class=\"elementor-heading-title elementor-size-default\">Lilo Lauser\u00ae Impressum<\/h2>\t\t<\/div>\n\t\t\t\t<\/div>\n\t\t\t\t<div class=\"elementor-element elementor-element-de55294 elementor-invisible elementor-widget elementor-widget-heading\" data-id=\"de55294\" data-element_type=\"widget\" data-settings=\"{&quot;_animation&quot;:&quot;fadeIn&quot;,&quot;_animation_delay&quot;:&quot;100&quot;}\" data-widget_type=\"heading.default\">\n\t\t\t\t<div class=\"elementor-widget-container\">\n\t\t\t<h1 class=\"elementor-heading-title elementor-size-default\">Impressum<\/h1>\t\t<\/div>\n\t\t\t\t<\/div>\n\t\t\t\t<div class=\"elementor-element elementor-element-1da1c1c elementor-widget-divider--view-line elementor-invisible elementor-widget elementor-widget-divider\" data-id=\"1da1c1c\" data-element_type=\"widget\" data-settings=\"{&quot;_animation&quot;:&quot;fadeIn&quot;,&quot;_animation_delay&quot;:&quot;300&quot;}\" data-widget_type=\"divider.default\">\n\t\t\t\t<div class=\"elementor-widget-container\">\n\t\t\t\t\t<div class=\"elementor-divider\">\n\t\t\t<span class=\"elementor-divider-separator\">\n\t\t\t\t\t\t<\/span>\n\t\t<\/div>\n\t\t\t\t<\/div>\n\t\t\t\t<\/div>\n\t\t\t\t<div class=\"elementor-element elementor-element-48edc91 elementor-widget elementor-widget-text-editor\" data-id=\"48edc91\" data-element_type=\"widget\" data-widget_type=\"text-editor.default\">\n\t\t\t\t<div class=\"elementor-widget-container\">\n\t\t\t\t\t\t\t<p><strong>MMag. Tanja Kaiser<\/strong><\/p><p><strong><span style=\"color: #4c2f26;\"><a style=\"color: #4c2f26;\" href=\"https:\/\/www.lebemensch.net\/\" target=\"_blank\" rel=\"noopener\">Lebe.Mensch.<\/a><\/span><\/strong><\/p><p><span class=\"elementor-icon-list-text\">Obere Fe\u00dfnachstra\u00dfe 27<br \/>8811 Scheifling<\/span><\/p><p><span style=\"font-size: 16px;\">Mail: <a href=\"mailto:office@lebemensch.net\">office@lebemensch.net<\/a><\/span><\/p><p>Mobil: +43 664 34 30 550<\/p><p><strong>Datenschutz<\/strong><\/p><p>Der Schutz Ihrer pers\u00f6nlichen Daten ist uns ein besonderes Anliegen.<br \/>Wir verarbeiten Ihre Daten daher ausschlie\u00dflich auf Grundlage der gesetzlichen Bestimmungen (DSGVO, TKG 2003).<br \/>Beachten Sie bitte unsere\u00a0<span style=\"color: #000000;\"><a href=\"https:\/\/www.lilolauser.com\/shop\/datenschutzerklaerung\/\" target=\"_blank\" rel=\"noopener\"><span style=\"text-decoration: underline;\"><span style=\"color: #4c2f26; text-decoration: underline;\">Datenschutzerkl\u00e4rung<\/span><\/span><\/a>\u00a0<\/span>nach DSGVO, TKG 2003 Stand 29.05.2020<\/p><p>Firmenbuchnummer 428506g<br \/>Firmengericht Landesgericht Leoben<br \/>ATU69266929<\/p><p><span style=\"text-decoration: underline;\"><span style=\"color: #4c2f26;\"><strong><a style=\"color: #4c2f26; text-decoration: underline;\" href=\"https:\/\/firmen.wko.at\/Web\/DetailsKontakt.aspx?FirmaID=acef2590-c80d-4cc2-8689-e212c8185a7e&amp;StandortID=0&amp;Suchbegriff=lebemensch&amp;Page=1\" target=\"_blank\" rel=\"noopener\">WKO Eintrag<\/a><\/strong><\/span><\/span><\/p><p><a href=\"https:\/\/www.hidendesign.at\" target=\"_blank\" rel=\"noopener\"><span style=\"color: #4c2f26;\"><span lang=\"DE-AT\"><strong>Webdesign:<\/strong>\u00a0<\/span><span lang=\"DE-AT\">HidenDesign | <\/span><span style=\"text-decoration: underline;\"><span lang=\"DE-AT\">www.hidendesign.at<\/span><\/span><\/span><\/a><\/p><p><strong>Illustrationen &amp; Grafiken:<\/strong> Eveline &amp; Egon Kaiser<\/p><p>\u00a9 2021 Lilo Lauser\u00a0<\/p><p>Alle Rechte vorbehalten. Jegliche Vervielf\u00e4ltigung, Kopien und Reproduktionen sind rechtlich untersagt<\/p>\t\t\t\t\t\t<\/div>\n\t\t\t\t<\/div>\n\t\t\t\t<div class=\"elementor-element elementor-element-3c11d8d elementor-widget elementor-widget-shortcode\" data-id=\"3c11d8d\" data-element_type=\"widget\" data-widget_type=\"shortcode.default\">\n\t\t\t\t<div class=\"elementor-widget-container\">\n\t\t\t\t\t<div class=\"elementor-shortcode\"><\/div>\n\t\t\t\t<\/div>\n\t\t\t\t<\/div>\n\t\t\t\t\t<\/div>\n\t\t<\/div>\n\t\t\t\t<div class=\"elementor-column elementor-col-50 elementor-inner-column elementor-element elementor-element-f9e5071\" data-id=\"f9e5071\" data-element_type=\"column\">\n\t\t\t<div class=\"elementor-widget-wrap elementor-element-populated\">\n\t\t\t\t\t\t<section class=\"elementor-section elementor-inner-section elementor-element elementor-element-aaacc8d elementor-section-boxed elementor-section-height-default elementor-section-height-default\" data-id=\"aaacc8d\" data-element_type=\"section\">\n\t\t\t\t\t\t<div class=\"elementor-container elementor-column-gap-no\">\n\t\t\t\t\t<div class=\"elementor-column elementor-col-100 elementor-inner-column elementor-element elementor-element-1e41349\" data-id=\"1e41349\" data-element_type=\"column\">\n\t\t\t<div class=\"elementor-widget-wrap elementor-element-populated\">\n\t\t\t\t\t\t<div class=\"elementor-element elementor-element-da946ad elementor-widget elementor-widget-image\" data-id=\"da946ad\" data-element_type=\"widget\" data-widget_type=\"image.default\">\n\t\t\t\t<div class=\"elementor-widget-container\">\n\t\t\t\t\t\t\t\t\t\t\t\t\t<img decoding=\"async\" src=\"https:\/\/www.lilolauser.com\/wp-content\/uploads\/2020\/04\/Lilo-Lauser.png\" title=\"\" alt=\"\" loading=\"lazy\" \/>\t\t\t\t\t\t\t\t\t\t\t\t\t<\/div>\n\t\t\t\t<\/div>\n\t\t\t\t\t<\/div>\n\t\t<\/div>\n\t\t\t\t\t<\/div>\n\t\t<\/section>\n\t\t\t\t\t<\/div>\n\t\t<\/div>\n\t\t\t\t\t<\/div>\n\t\t<\/section>\n\t\t\t\t\t<\/div>\n\t\t<\/div>\n\t\t\t\t\t<\/div>\n\t\t<\/section>\n\t\t\t\t<\/div>\n\t\t","protected":false},"excerpt":{"rendered":"<p>Lilo Lauser\u00ae Impressum Impressum MMag. Tanja Kaiser Lebe.Mensch. Obere Fe\u00dfnachstra\u00dfe 278811 Scheifling Mail: office@lebemensch.net Mobil: +43 664 34 30 550 Datenschutz Der Schutz Ihrer pers\u00f6nlichen Daten ist uns ein besonderes Anliegen.Wir verarbeiten Ihre Daten daher ausschlie\u00dflich auf Grundlage der gesetzlichen Bestimmungen (DSGVO, TKG 2003).Beachten Sie bitte unsere\u00a0Datenschutzerkl\u00e4rung\u00a0nach DSGVO, TKG 2003 Stand 29.05.2020 Firmenbuchnummer 428506gFirmengericht Landesgericht [&hellip;]<\/p>\n","protected":false},"author":1,"featured_media":0,"parent":0,"menu_order":0,"comment_status":"closed","ping_status":"closed","template":"","meta":{"site-sidebar-layout":"default","site-content-layout":"page-builder","ast-site-content-layout":"","site-content-style":"default","site-sidebar-style":"default","ast-global-header-display":"","ast-banner-title-visibility":"","ast-main-header-display":"","ast-hfb-above-header-display":"","ast-hfb-below-header-display":"","ast-hfb-mobile-header-display":"","site-post-title":"disabled","ast-breadcrumbs-content":"","ast-featured-img":"","footer-sml-layout":"","theme-transparent-header-meta":"enabled","adv-header-id-meta":"","stick-header-meta":"","header-above-stick-meta":"","header-main-stick-meta":"","header-below-stick-meta":"","astra-migrate-meta-layouts":"default","ast-page-background-enabled":"default","ast-page-background-meta":{"desktop":{"background-color":"","background-image":"","background-repeat":"repeat","background-position":"center center","background-size":"auto","background-attachment":"scroll","background-type":"","background-media":"","overlay-type":"","overlay-color":"","overlay-opacity":"","overlay-gradient":""},"tablet":{"background-color":"","background-image":"","background-repeat":"repeat","background-position":"center center","background-size":"auto","background-attachment":"scroll","background-type":"","background-media":"","overlay-type":"","overlay-color":"","overlay-opacity":"","overlay-gradient":""},"mobile":{"background-color":"","background-image":"","background-repeat":"repeat","background-position":"center center","background-size":"auto","background-attachment":"scroll","background-type":"","background-media":"","overlay-type":"","overlay-color":"","overlay-opacity":"","overlay-gradient":""}},"ast-content-background-meta":{"desktop":{"background-color":"var(--ast-global-color-5)","background-image":"","background-repeat":"repeat","background-position":"center center","background-size":"auto","background-attachment":"scroll","background-type":"","background-media":"","overlay-type":"","overlay-color":"","overlay-opacity":"","overlay-gradient":""},"tablet":{"background-color":"var(--ast-global-color-5)","background-image":"","background-repeat":"repeat","background-position":"center center","background-size":"auto","background-attachment":"scroll","background-type":"","background-media":"","overlay-type":"","overlay-color":"","overlay-opacity":"","overlay-gradient":""},"mobile":{"background-color":"var(--ast-global-color-5)","background-image":"","background-repeat":"repeat","background-position":"center center","background-size":"auto","background-attachment":"scroll","background-type":"","background-media":"","overlay-type":"","overlay-color":"","overlay-opacity":"","overlay-gradient":""}},"footnotes":""},"class_list":["post-3096","page","type-page","status-publish","hentry"],"yoast_head":"<!-- This site is optimized with the Yoast SEO plugin v24.2 - https:\/\/yoast.com\/wordpress\/plugins\/seo\/ -->\n<title>Impressum &#187; Lilo Lauser<\/title>\n<meta name=\"robots\" content=\"index, follow, max-snippet:-1, max-image-preview:large, max-video-preview:-1\" \/>\n<link rel=\"canonical\" href=\"https:\/\/www.lilolauser.com\/shop\/impressum\/\" \/>\n<meta property=\"og:locale\" content=\"de_DE\" \/>\n<meta property=\"og:type\" content=\"article\" \/>\n<meta property=\"og:title\" content=\"Impressum &#187; Lilo Lauser\" \/>\n<meta property=\"og:description\" content=\"Lilo Lauser\u00ae Impressum Impressum MMag. Tanja Kaiser Lebe.Mensch. Obere Fe\u00dfnachstra\u00dfe 278811 Scheifling Mail: office@lebemensch.net Mobil: +43 664 34 30 550 Datenschutz Der Schutz Ihrer pers\u00f6nlichen Daten ist uns ein besonderes Anliegen.Wir verarbeiten Ihre Daten daher ausschlie\u00dflich auf Grundlage der gesetzlichen Bestimmungen (DSGVO, TKG 2003).Beachten Sie bitte unsere\u00a0Datenschutzerkl\u00e4rung\u00a0nach DSGVO, TKG 2003 Stand 29.05.2020 Firmenbuchnummer 428506gFirmengericht Landesgericht [&hellip;]\" \/>\n<meta property=\"og:url\" content=\"https:\/\/www.lilolauser.com\/shop\/impressum\/\" \/>\n<meta property=\"og:site_name\" content=\"Lilo Lauser\" \/>\n<meta property=\"article:publisher\" content=\"https:\/\/hi-in.facebook.com\/lilolauser\/\" \/>\n<meta property=\"article:modified_time\" content=\"2025-07-09T08:48:53+00:00\" \/>\n<meta property=\"og:image\" content=\"https:\/\/www.lilolauser.com\/wp-content\/uploads\/2020\/04\/Lilo-Lauser.png\" \/>\n<meta name=\"twitter:card\" content=\"summary_large_image\" \/>\n<meta name=\"twitter:label1\" content=\"Gesch\u00e4tzte Lesezeit\" \/>\n\t<meta name=\"twitter:data1\" content=\"1\u00a0Minute\" \/>\n<script type=\"application\/ld+json\" class=\"yoast-schema-graph\">{\"@context\":\"https:\/\/schema.org\",\"@graph\":[{\"@type\":\"WebPage\",\"@id\":\"https:\/\/www.lilolauser.com\/shop\/impressum\/\",\"url\":\"https:\/\/www.lilolauser.com\/shop\/impressum\/\",\"name\":\"Impressum &#187; Lilo Lauser\",\"isPartOf\":{\"@id\":\"https:\/\/www.lilolauser.com\/shop\/#website\"},\"primaryImageOfPage\":{\"@id\":\"https:\/\/www.lilolauser.com\/shop\/impressum\/#primaryimage\"},\"image\":{\"@id\":\"https:\/\/www.lilolauser.com\/shop\/impressum\/#primaryimage\"},\"thumbnailUrl\":\"https:\/\/www.lilolauser.com\/wp-content\/uploads\/2020\/04\/Lilo-Lauser.png\",\"datePublished\":\"2020-04-08T09:18:34+00:00\",\"dateModified\":\"2025-07-09T08:48:53+00:00\",\"breadcrumb\":{\"@id\":\"https:\/\/www.lilolauser.com\/shop\/impressum\/#breadcrumb\"},\"inLanguage\":\"de\",\"potentialAction\":[{\"@type\":\"ReadAction\",\"target\":[\"https:\/\/www.lilolauser.com\/shop\/impressum\/\"]}]},{\"@type\":\"ImageObject\",\"inLanguage\":\"de\",\"@id\":\"https:\/\/www.lilolauser.com\/shop\/impressum\/#primaryimage\",\"url\":\"https:\/\/www.lilolauser.com\/wp-content\/uploads\/2020\/04\/Lilo-Lauser.png\",\"contentUrl\":\"https:\/\/www.lilolauser.com\/wp-content\/uploads\/2020\/04\/Lilo-Lauser.png\"},{\"@type\":\"BreadcrumbList\",\"@id\":\"https:\/\/www.lilolauser.com\/shop\/impressum\/#breadcrumb\",\"itemListElement\":[{\"@type\":\"ListItem\",\"position\":1,\"name\":\"Startseite\",\"item\":\"https:\/\/www.lilolauser.com\/shop\/\"},{\"@type\":\"ListItem\",\"position\":2,\"name\":\"Impressum\"}]},{\"@type\":\"WebSite\",\"@id\":\"https:\/\/www.lilolauser.com\/shop\/#website\",\"url\":\"https:\/\/www.lilolauser.com\/shop\/\",\"name\":\"Lilo Lauser\",\"description\":\"\",\"publisher\":{\"@id\":\"https:\/\/www.lilolauser.com\/shop\/#organization\"},\"potentialAction\":[{\"@type\":\"SearchAction\",\"target\":{\"@type\":\"EntryPoint\",\"urlTemplate\":\"https:\/\/www.lilolauser.com\/shop\/?s={search_term_string}\"},\"query-input\":{\"@type\":\"PropertyValueSpecification\",\"valueRequired\":true,\"valueName\":\"search_term_string\"}}],\"inLanguage\":\"de\"},{\"@type\":\"Organization\",\"@id\":\"https:\/\/www.lilolauser.com\/shop\/#organization\",\"name\":\"Lebe.Mensch. GmbH\",\"url\":\"https:\/\/www.lilolauser.com\/shop\/\",\"logo\":{\"@type\":\"ImageObject\",\"inLanguage\":\"de\",\"@id\":\"https:\/\/www.lilolauser.com\/shop\/#\/schema\/logo\/image\/\",\"url\":\"https:\/\/www.lilolauser.com\/shop\/wp-content\/uploads\/2021\/01\/LiloLauser_copyright_Logo_kl.png\",\"contentUrl\":\"https:\/\/www.lilolauser.com\/shop\/wp-content\/uploads\/2021\/01\/LiloLauser_copyright_Logo_kl.png\",\"width\":558,\"height\":97,\"caption\":\"Lebe.Mensch. GmbH\"},\"image\":{\"@id\":\"https:\/\/www.lilolauser.com\/shop\/#\/schema\/logo\/image\/\"},\"sameAs\":[\"https:\/\/hi-in.facebook.com\/lilolauser\/\",\"https:\/\/www.instagram.com\/lilolauser\/?hl=de\"]}]}<\/script>\n<!-- \/ Yoast SEO plugin. -->","yoast_head_json":{"title":"Impressum &#187; Lilo Lauser","robots":{"index":"index","follow":"follow","max-snippet":"max-snippet:-1","max-image-preview":"max-image-preview:large","max-video-preview":"max-video-preview:-1"},"canonical":"https:\/\/www.lilolauser.com\/shop\/impressum\/","og_locale":"de_DE","og_type":"article","og_title":"Impressum &#187; Lilo Lauser","og_description":"Lilo Lauser\u00ae Impressum Impressum MMag. Tanja Kaiser Lebe.Mensch. Obere Fe\u00dfnachstra\u00dfe 278811 Scheifling Mail: office@lebemensch.net Mobil: +43 664 34 30 550 Datenschutz Der Schutz Ihrer pers\u00f6nlichen Daten ist uns ein besonderes Anliegen.Wir verarbeiten Ihre Daten daher ausschlie\u00dflich auf Grundlage der gesetzlichen Bestimmungen (DSGVO, TKG 2003).Beachten Sie bitte unsere\u00a0Datenschutzerkl\u00e4rung\u00a0nach DSGVO, TKG 2003 Stand 29.05.2020 Firmenbuchnummer 428506gFirmengericht Landesgericht [&hellip;]","og_url":"https:\/\/www.lilolauser.com\/shop\/impressum\/","og_site_name":"Lilo Lauser","article_publisher":"https:\/\/hi-in.facebook.com\/lilolauser\/","article_modified_time":"2025-07-09T08:48:53+00:00","og_image":[{"url":"https:\/\/www.lilolauser.com\/wp-content\/uploads\/2020\/04\/Lilo-Lauser.png","type":"","width":"","height":""}],"twitter_card":"summary_large_image","twitter_misc":{"Gesch\u00e4tzte Lesezeit":"1\u00a0Minute"},"schema":{"@context":"https:\/\/schema.org","@graph":[{"@type":"WebPage","@id":"https:\/\/www.lilolauser.com\/shop\/impressum\/","url":"https:\/\/www.lilolauser.com\/shop\/impressum\/","name":"Impressum &#187; Lilo Lauser","isPartOf":{"@id":"https:\/\/www.lilolauser.com\/shop\/#website"},"primaryImageOfPage":{"@id":"https:\/\/www.lilolauser.com\/shop\/impressum\/#primaryimage"},"image":{"@id":"https:\/\/www.lilolauser.com\/shop\/impressum\/#primaryimage"},"thumbnailUrl":"https:\/\/www.lilolauser.com\/wp-content\/uploads\/2020\/04\/Lilo-Lauser.png","datePublished":"2020-04-08T09:18:34+00:00","dateModified":"2025-07-09T08:48:53+00:00","breadcrumb":{"@id":"https:\/\/www.lilolauser.com\/shop\/impressum\/#breadcrumb"},"inLanguage":"de","potentialAction":[{"@type":"ReadAction","target":["https:\/\/www.lilolauser.com\/shop\/impressum\/"]}]},{"@type":"ImageObject","inLanguage":"de","@id":"https:\/\/www.lilolauser.com\/shop\/impressum\/#primaryimage","url":"https:\/\/www.lilolauser.com\/wp-content\/uploads\/2020\/04\/Lilo-Lauser.png","contentUrl":"https:\/\/www.lilolauser.com\/wp-content\/uploads\/2020\/04\/Lilo-Lauser.png"},{"@type":"BreadcrumbList","@id":"https:\/\/www.lilolauser.com\/shop\/impressum\/#breadcrumb","itemListElement":[{"@type":"ListItem","position":1,"name":"Startseite","item":"https:\/\/www.lilolauser.com\/shop\/"},{"@type":"ListItem","position":2,"name":"Impressum"}]},{"@type":"WebSite","@id":"https:\/\/www.lilolauser.com\/shop\/#website","url":"https:\/\/www.lilolauser.com\/shop\/","name":"Lilo Lauser","description":"","publisher":{"@id":"https:\/\/www.lilolauser.com\/shop\/#organization"},"potentialAction":[{"@type":"SearchAction","target":{"@type":"EntryPoint","urlTemplate":"https:\/\/www.lilolauser.com\/shop\/?s={search_term_string}"},"query-input":{"@type":"PropertyValueSpecification","valueRequired":true,"valueName":"search_term_string"}}],"inLanguage":"de"},{"@type":"Organization","@id":"https:\/\/www.lilolauser.com\/shop\/#organization","name":"Lebe.Mensch. GmbH","url":"https:\/\/www.lilolauser.com\/shop\/","logo":{"@type":"ImageObject","inLanguage":"de","@id":"https:\/\/www.lilolauser.com\/shop\/#\/schema\/logo\/image\/","url":"https:\/\/www.lilolauser.com\/shop\/wp-content\/uploads\/2021\/01\/LiloLauser_copyright_Logo_kl.png","contentUrl":"https:\/\/www.lilolauser.com\/shop\/wp-content\/uploads\/2021\/01\/LiloLauser_copyright_Logo_kl.png","width":558,"height":97,"caption":"Lebe.Mensch. GmbH"},"image":{"@id":"https:\/\/www.lilolauser.com\/shop\/#\/schema\/logo\/image\/"},"sameAs":["https:\/\/hi-in.facebook.com\/lilolauser\/","https:\/\/www.instagram.com\/lilolauser\/?hl=de"]}]}},"_links":{"self":[{"href":"https:\/\/www.lilolauser.com\/shop\/wp-json\/wp\/v2\/pages\/3096","targetHints":{"allow":["GET"]}}],"collection":[{"href":"https:\/\/www.lilolauser.com\/shop\/wp-json\/wp\/v2\/pages"}],"about":[{"href":"https:\/\/www.lilolauser.com\/shop\/wp-json\/wp\/v2\/types\/page"}],"author":[{"embeddable":true,"href":"https:\/\/www.lilolauser.com\/shop\/wp-json\/wp\/v2\/users\/1"}],"replies":[{"embeddable":true,"href":"https:\/\/www.lilolauser.com\/shop\/wp-json\/wp\/v2\/comments?post=3096"}],"version-history":[{"count":26,"href":"https:\/\/www.lilolauser.com\/shop\/wp-json\/wp\/v2\/pages\/3096\/revisions"}],"predecessor-version":[{"id":4083,"href":"https:\/\/www.lilolauser.com\/shop\/wp-json\/wp\/v2\/pages\/3096\/revisions\/4083"}],"wp:attachment":[{"href":"https:\/\/www.lilolauser.com\/shop\/wp-json\/wp\/v2\/media?parent=3096"}],"curies":[{"name":"wp","href":"https:\/\/api.w.org\/{rel}","templated":true}]}}