{"id":3077,"date":"2020-03-27T14:59:47","date_gmt":"2020-03-27T13:59:47","guid":{"rendered":"https:\/\/www.lilolauser.com\/shop\/?post_type=product&#038;p=3077"},"modified":"2026-04-30T09:53:21","modified_gmt":"2026-04-30T07:53:21","slug":"lilo-lauser-und-der-kreis-der-freundschaft","status":"publish","type":"product","link":"https:\/\/www.lilolauser.com\/shop\/produkt\/lilo-lauser-und-der-kreis-der-freundschaft\/","title":{"rendered":"Lilo Lauser und der Kreis der Freundschaft"},"content":{"rendered":"<h2><strong>Lilo Lauser und der Kreis der Freundschaft &#8211; Gebundene Ausgabe<\/strong><\/h2>\n<hr \/>\n<p><span class=\"elementor-drop-cap\"><span class=\"elementor-drop-cap-letter\">D<\/span><\/span>ieses\u00a0<strong>lustig gereimte<\/strong>\u00a0und liebevoll illustrierte Buch bringt Kinder und Erwachsene nicht nur zum Schmunzeln, sondern auch zum Nachdenken. Mit heiteren, rhythmischen Versen wird die wertvolle Botschaft \u00fcber das Erkennen und F\u00f6rdern von individuellen F\u00e4higkeiten und Talenten und das Wertsch\u00e4tzen schrulliger Eigenheiten transportiert. Lilo und seine Freunde laden dazu ein, einen Blick hinter die Fassade zu werfen, um das Liebenswerte in uns selbst und in unseren Mitmenschen zu erkennen.<\/p>\n<p><span style=\"font-size: 16px;\">Die Marke Lilo Lauser entspringt dem ersten eigenen Kinderbuch von Autorin Mag. Mag. Tanja Kaiser. Darin spielt Lilo Lauser die Hauptrolle und fungiert in dieser pa\u0308dagogisch wertvollen Geschichte als Botschafter zwischen kindlicher Wahrnehmung und daraus resultierenden Emotionen und erwachsenen, rationalen Erkla\u0308rungen und Gedanken. In dieser Rolle geht auch die Marke Lilo Lauser nach au\u00dfen und bietet Dienstleistungen und Produkte, die die Bru\u0308cke zwischen Kindern und Erwachsenen bilden. Lilo Lauser ist also Vertrauter der Kinder und gleichzeitig das Sprachrohr in die Erwachsenenwelt. Umgekehrt ist Lilo Lauser auch Begleiter von Eltern, Gro\u00dfeltern oder au\u00dferfamilia\u0308ren Betreuungspersonen und setzt sich fu\u0308r den liebevollen Umgang miteinander und das Versta\u0308ndnis kindlicher Bedu\u0308rfnisse und Herausforderungen ein.<\/span><\/p>\n<ul>\n<li><b>Einband:<\/b> gebundene Ausgabe (Hardcover)<\/li>\n<li><b>Seitenanzahl:<\/b> 34 Seiten<\/li>\n<li><b>Verlag:<\/b> Eigenverlag<\/li>\n<li><b>Sprache:<\/b>\u00a0Deutsch<\/li>\n<li><b>Empfohlenes Alter:<\/b>\u00a05 &#8211; 8 Jahre<\/li>\n<li><b>Erscheinungsdatum:<\/b> 03.03.2020<\/li>\n<li><strong>Auflage:<\/strong> 2.<\/li>\n<li><strong>ISBN:<\/strong> 978-3-9519819-1-8<\/li>\n<li><b>Gewicht: <\/b>267 g<\/li>\n<li><strong>Ma\u00dfe (L\/B\/H):<\/strong> 22,6\/17,5\/0,6 cm<\/li>\n<li><strong>Abbildungen:<\/strong> 34 Farbabbildungen<\/li>\n<li><b>Kundenrezensionen:<\/b>\u00a0<span class=\"dpProductDetail3752895675\"><span class=\"a-declarative\" data-action=\"a-popover\" data-a-popover=\"{&quot;max-width&quot;:&quot;700&quot;,&quot;closeButton&quot;:&quot;false&quot;,&quot;position&quot;:&quot;triggerBottom&quot;,&quot;allowLinkDefault&quot;:&quot;1&quot;,&quot;url&quot;:&quot;\/review\/widgets\/average-customer-review\/popover\/ref=acr_dpproductdetail_popover?ie=UTF8&amp;asin=3752895675&amp;contextId=dpProductDetail&quot;}\"><a class=\"a-popover-trigger a-declarative\"><i class=\"a-icon a-icon-star a-star-5\"><span class=\"a-icon-alt\">5,0 von 5 Sternen (<\/span><\/i><i class=\"a-icon a-icon-popover\"><\/i><\/a><\/span><span class=\"a-size-small\">4 Amazon-Bewertungen und 2 Thalia-Bewertungen)<\/span><\/span><\/li>\n<\/ul>\n<blockquote><p><em>Ein Junge namens <strong>Lilo ist der Held<\/strong> in dieser Geschichte,<\/em><br \/>\n<em>\u00fcber ihn schreibt man gerne Reime und Gedichte.<\/em><\/p>\n<p><em>Er ist sehr liebenswert, lustig und an der Welt interessiert,<\/em><br \/>\n<em>mit seinem Temperament Lilo aber die Erwachsenen oft verwirrt. <\/em><\/p>\n<p><em>Denn sein Gem\u00fct ist stets rege und munter,<\/em><br \/>\n<em>mit ihm das Leben wird um vieles kunterbunter&#8230;<\/em><\/p><\/blockquote>\n<p><strong>\u00dcber die Autorin:<\/strong><\/p>\n<p>Mag. Mag. Tanja Kaiser ist Psychologin, P\u00e4dagogin, Lebens- und Sozialberaterin, Mental- und Motivationstrainerin. Vor allem aber ist sie zweifache Mutter und vierfache Tante und wei\u00df, wie verbindend und wichtig gemeinsame Abendrituale wie das Vorlesen und das Erz\u00e4hlen f\u00fcr Kinder sind. Durch ihre p\u00e4dagogische Arbeit und ihr m\u00fctterliches Bewusstsein entstand die Idee zur Geschichte von Lilo Lauser. Mit ihrem Erstlingswerk gelingt es der Autorin auf heitere Art und Weise, die Kinder vor dem Schlafengehen noch einmal gedanklich durch den Tag zu f\u00fchren und das Erlebte zu verarbeiten. Die lustigen Reime bleiben Kindern nicht nur leicht im Ged\u00e4chtnis, sondern verankern im Schlaf auch eine wichtige Botschaft. Das St\u00e4rken der eigenen Pers\u00f6nlichkeit und das Wertsch\u00e4tzen unserer Mitmenschen k\u00f6nnte nicht herzlicher gedichtet und liebevoller illustriert sein. Die Autorin hat es au\u00dferdem geschafft, die ganze Familie in das Literaturwerk zu integrieren: W\u00e4hrend ihre Eltern die Vorlagen zur Illustration lieferten und die Cousine das Layout gestaltete, munkelt man in familiennahen Kreisen, dass Hauptcharakter Lilo eine verbl\u00fcffende \u00c4hnlichkeit mit ihrem Sohn aufweisen w\u00fcrde. Das k\u00f6nnte nat\u00fcrlich auch reiner &#8222;Zufall&#8220;sein! \ud83d\ude09<\/p>\n","protected":false},"excerpt":{"rendered":"<h3><strong>Lilo Lauser und der Kreis der Freundschaft<\/strong><\/h3>\n<p>Gebundene Ausgabe<\/p>\n<p>Kinderbuch von Mag. Mag. Tanja Kaiser mit Illustrationen von Eveline und Egon Kaiser<\/p>\n","protected":false},"featured_media":3362,"comment_status":"open","ping_status":"closed","template":"","meta":{"site-sidebar-layout":"default","site-content-layout":"default","ast-site-content-layout":"","site-content-style":"default","site-sidebar-style":"default","ast-global-header-display":"","ast-banner-title-visibility":"","ast-main-header-display":"","ast-hfb-above-header-display":"","ast-hfb-below-header-display":"","ast-hfb-mobile-header-display":"","site-post-title":"","ast-breadcrumbs-content":"","ast-featured-img":"","footer-sml-layout":"","theme-transparent-header-meta":"default","adv-header-id-meta":"","stick-header-meta":"","header-above-stick-meta":"","header-main-stick-meta":"","header-below-stick-meta":"","astra-migrate-meta-layouts":"default","ast-page-background-enabled":"default","ast-page-background-meta":{"desktop":{"background-color":"","background-image":"","background-repeat":"repeat","background-position":"center center","background-size":"auto","background-attachment":"scroll","background-type":"","background-media":"","overlay-type":"","overlay-color":"","overlay-opacity":"","overlay-gradient":""},"tablet":{"background-color":"","background-image":"","background-repeat":"repeat","background-position":"center center","background-size":"auto","background-attachment":"scroll","background-type":"","background-media":"","overlay-type":"","overlay-color":"","overlay-opacity":"","overlay-gradient":""},"mobile":{"background-color":"","background-image":"","background-repeat":"repeat","background-position":"center center","background-size":"auto","background-attachment":"scroll","background-type":"","background-media":"","overlay-type":"","overlay-color":"","overlay-opacity":"","overlay-gradient":""}},"ast-content-background-meta":{"desktop":{"background-color":"var(--ast-global-color-5)","background-image":"","background-repeat":"repeat","background-position":"center center","background-size":"auto","background-attachment":"scroll","background-type":"","background-media":"","overlay-type":"","overlay-color":"","overlay-opacity":"","overlay-gradient":""},"tablet":{"background-color":"var(--ast-global-color-5)","background-image":"","background-repeat":"repeat","background-position":"center center","background-size":"auto","background-attachment":"scroll","background-type":"","background-media":"","overlay-type":"","overlay-color":"","overlay-opacity":"","overlay-gradient":""},"mobile":{"background-color":"var(--ast-global-color-5)","background-image":"","background-repeat":"repeat","background-position":"center center","background-size":"auto","background-attachment":"scroll","background-type":"","background-media":"","overlay-type":"","overlay-color":"","overlay-opacity":"","overlay-gradient":""}}},"product_cat":[23],"product_tag":[],"class_list":{"0":"post-3077","1":"product","2":"type-product","3":"status-publish","4":"has-post-thumbnail","6":"product_cat-buecher","7":"product_shipping_class-buchversand-at-de","8":"pif-has-gallery","9":"desktop-align-center","10":"tablet-align-center","11":"mobile-align-center","13":"first","14":"instock","15":"taxable","16":"shipping-taxable","17":"purchasable","18":"product-type-simple"},"yoast_head":"<!-- This site is optimized with the Yoast SEO plugin v24.2 - https:\/\/yoast.com\/wordpress\/plugins\/seo\/ -->\n<title>Lilo Lauser und der Kreis der Freundschaft &#187; Lilo Lauser<\/title>\n<meta name=\"robots\" content=\"index, follow, max-snippet:-1, max-image-preview:large, max-video-preview:-1\" \/>\n<link rel=\"canonical\" href=\"https:\/\/www.lilolauser.com\/shop\/produkt\/lilo-lauser-und-der-kreis-der-freundschaft\/\" \/>\n<meta property=\"og:locale\" content=\"de_DE\" \/>\n<meta property=\"og:type\" content=\"article\" \/>\n<meta property=\"og:title\" content=\"Lilo Lauser und der Kreis der Freundschaft &#187; Lilo Lauser\" \/>\n<meta property=\"og:description\" content=\"Lilo Lauser und der Kreis der Freundschaft Gebundene Ausgabe  Kinderbuch von Mag. Mag. Tanja Kaiser mit Illustrationen von Eveline und Egon Kaiser\" \/>\n<meta property=\"og:url\" content=\"https:\/\/www.lilolauser.com\/shop\/produkt\/lilo-lauser-und-der-kreis-der-freundschaft\/\" \/>\n<meta property=\"og:site_name\" content=\"Lilo Lauser\" \/>\n<meta property=\"article:publisher\" content=\"https:\/\/hi-in.facebook.com\/lilolauser\/\" \/>\n<meta property=\"article:modified_time\" content=\"2026-04-30T07:53:21+00:00\" \/>\n<meta property=\"og:image\" content=\"https:\/\/www.lilolauser.com\/shop\/wp-content\/uploads\/2020\/03\/Lilo-Lauser-und-der-Kreis-der-Freundschaft-Kinderbuch.png\" \/>\n\t<meta property=\"og:image:width\" content=\"585\" \/>\n\t<meta property=\"og:image:height\" content=\"584\" \/>\n\t<meta property=\"og:image:type\" content=\"image\/png\" \/>\n<meta name=\"twitter:card\" content=\"summary_large_image\" \/>\n<meta name=\"twitter:label1\" content=\"Gesch\u00e4tzte Lesezeit\" \/>\n\t<meta name=\"twitter:data1\" content=\"2\u00a0Minuten\" \/>\n<script type=\"application\/ld+json\" class=\"yoast-schema-graph\">{\"@context\":\"https:\/\/schema.org\",\"@graph\":[{\"@type\":\"WebPage\",\"@id\":\"https:\/\/www.lilolauser.com\/shop\/produkt\/lilo-lauser-und-der-kreis-der-freundschaft\/\",\"url\":\"https:\/\/www.lilolauser.com\/shop\/produkt\/lilo-lauser-und-der-kreis-der-freundschaft\/\",\"name\":\"Lilo Lauser und der Kreis der Freundschaft &#187; Lilo Lauser\",\"isPartOf\":{\"@id\":\"https:\/\/www.lilolauser.com\/shop\/#website\"},\"primaryImageOfPage\":{\"@id\":\"https:\/\/www.lilolauser.com\/shop\/produkt\/lilo-lauser-und-der-kreis-der-freundschaft\/#primaryimage\"},\"image\":{\"@id\":\"https:\/\/www.lilolauser.com\/shop\/produkt\/lilo-lauser-und-der-kreis-der-freundschaft\/#primaryimage\"},\"thumbnailUrl\":\"https:\/\/www.lilolauser.com\/shop\/wp-content\/uploads\/2020\/03\/Lilo-Lauser-und-der-Kreis-der-Freundschaft-Kinderbuch.png\",\"datePublished\":\"2020-03-27T13:59:47+00:00\",\"dateModified\":\"2026-04-30T07:53:21+00:00\",\"breadcrumb\":{\"@id\":\"https:\/\/www.lilolauser.com\/shop\/produkt\/lilo-lauser-und-der-kreis-der-freundschaft\/#breadcrumb\"},\"inLanguage\":\"de\",\"potentialAction\":[{\"@type\":\"ReadAction\",\"target\":[\"https:\/\/www.lilolauser.com\/shop\/produkt\/lilo-lauser-und-der-kreis-der-freundschaft\/\"]}]},{\"@type\":\"ImageObject\",\"inLanguage\":\"de\",\"@id\":\"https:\/\/www.lilolauser.com\/shop\/produkt\/lilo-lauser-und-der-kreis-der-freundschaft\/#primaryimage\",\"url\":\"https:\/\/www.lilolauser.com\/shop\/wp-content\/uploads\/2020\/03\/Lilo-Lauser-und-der-Kreis-der-Freundschaft-Kinderbuch.png\",\"contentUrl\":\"https:\/\/www.lilolauser.com\/shop\/wp-content\/uploads\/2020\/03\/Lilo-Lauser-und-der-Kreis-der-Freundschaft-Kinderbuch.png\",\"width\":585,\"height\":584},{\"@type\":\"BreadcrumbList\",\"@id\":\"https:\/\/www.lilolauser.com\/shop\/produkt\/lilo-lauser-und-der-kreis-der-freundschaft\/#breadcrumb\",\"itemListElement\":[{\"@type\":\"ListItem\",\"position\":1,\"name\":\"Startseite\",\"item\":\"https:\/\/www.lilolauser.com\/shop\/\"},{\"@type\":\"ListItem\",\"position\":2,\"name\":\"Alle Produkte\",\"item\":\"https:\/\/www.lilolauser.com\/shop\/alle-produkte\/\"},{\"@type\":\"ListItem\",\"position\":3,\"name\":\"Lilo Lauser und der Kreis der Freundschaft\"}]},{\"@type\":\"WebSite\",\"@id\":\"https:\/\/www.lilolauser.com\/shop\/#website\",\"url\":\"https:\/\/www.lilolauser.com\/shop\/\",\"name\":\"Lilo Lauser\",\"description\":\"\",\"publisher\":{\"@id\":\"https:\/\/www.lilolauser.com\/shop\/#organization\"},\"potentialAction\":[{\"@type\":\"SearchAction\",\"target\":{\"@type\":\"EntryPoint\",\"urlTemplate\":\"https:\/\/www.lilolauser.com\/shop\/?s={search_term_string}\"},\"query-input\":{\"@type\":\"PropertyValueSpecification\",\"valueRequired\":true,\"valueName\":\"search_term_string\"}}],\"inLanguage\":\"de\"},{\"@type\":\"Organization\",\"@id\":\"https:\/\/www.lilolauser.com\/shop\/#organization\",\"name\":\"Lebe.Mensch. GmbH\",\"url\":\"https:\/\/www.lilolauser.com\/shop\/\",\"logo\":{\"@type\":\"ImageObject\",\"inLanguage\":\"de\",\"@id\":\"https:\/\/www.lilolauser.com\/shop\/#\/schema\/logo\/image\/\",\"url\":\"https:\/\/www.lilolauser.com\/shop\/wp-content\/uploads\/2021\/01\/LiloLauser_copyright_Logo_kl.png\",\"contentUrl\":\"https:\/\/www.lilolauser.com\/shop\/wp-content\/uploads\/2021\/01\/LiloLauser_copyright_Logo_kl.png\",\"width\":558,\"height\":97,\"caption\":\"Lebe.Mensch. GmbH\"},\"image\":{\"@id\":\"https:\/\/www.lilolauser.com\/shop\/#\/schema\/logo\/image\/\"},\"sameAs\":[\"https:\/\/hi-in.facebook.com\/lilolauser\/\",\"https:\/\/www.instagram.com\/lilolauser\/?hl=de\"]}]}<\/script>\n<!-- \/ Yoast SEO plugin. -->","yoast_head_json":{"title":"Lilo Lauser und der Kreis der Freundschaft &#187; Lilo Lauser","robots":{"index":"index","follow":"follow","max-snippet":"max-snippet:-1","max-image-preview":"max-image-preview:large","max-video-preview":"max-video-preview:-1"},"canonical":"https:\/\/www.lilolauser.com\/shop\/produkt\/lilo-lauser-und-der-kreis-der-freundschaft\/","og_locale":"de_DE","og_type":"article","og_title":"Lilo Lauser und der Kreis der Freundschaft &#187; Lilo Lauser","og_description":"Lilo Lauser und der Kreis der Freundschaft Gebundene Ausgabe  Kinderbuch von Mag. Mag. Tanja Kaiser mit Illustrationen von Eveline und Egon Kaiser","og_url":"https:\/\/www.lilolauser.com\/shop\/produkt\/lilo-lauser-und-der-kreis-der-freundschaft\/","og_site_name":"Lilo Lauser","article_publisher":"https:\/\/hi-in.facebook.com\/lilolauser\/","article_modified_time":"2026-04-30T07:53:21+00:00","og_image":[{"width":585,"height":584,"url":"https:\/\/www.lilolauser.com\/shop\/wp-content\/uploads\/2020\/03\/Lilo-Lauser-und-der-Kreis-der-Freundschaft-Kinderbuch.png","type":"image\/png"}],"twitter_card":"summary_large_image","twitter_misc":{"Gesch\u00e4tzte Lesezeit":"2\u00a0Minuten"},"schema":{"@context":"https:\/\/schema.org","@graph":[{"@type":"WebPage","@id":"https:\/\/www.lilolauser.com\/shop\/produkt\/lilo-lauser-und-der-kreis-der-freundschaft\/","url":"https:\/\/www.lilolauser.com\/shop\/produkt\/lilo-lauser-und-der-kreis-der-freundschaft\/","name":"Lilo Lauser und der Kreis der Freundschaft &#187; Lilo Lauser","isPartOf":{"@id":"https:\/\/www.lilolauser.com\/shop\/#website"},"primaryImageOfPage":{"@id":"https:\/\/www.lilolauser.com\/shop\/produkt\/lilo-lauser-und-der-kreis-der-freundschaft\/#primaryimage"},"image":{"@id":"https:\/\/www.lilolauser.com\/shop\/produkt\/lilo-lauser-und-der-kreis-der-freundschaft\/#primaryimage"},"thumbnailUrl":"https:\/\/www.lilolauser.com\/shop\/wp-content\/uploads\/2020\/03\/Lilo-Lauser-und-der-Kreis-der-Freundschaft-Kinderbuch.png","datePublished":"2020-03-27T13:59:47+00:00","dateModified":"2026-04-30T07:53:21+00:00","breadcrumb":{"@id":"https:\/\/www.lilolauser.com\/shop\/produkt\/lilo-lauser-und-der-kreis-der-freundschaft\/#breadcrumb"},"inLanguage":"de","potentialAction":[{"@type":"ReadAction","target":["https:\/\/www.lilolauser.com\/shop\/produkt\/lilo-lauser-und-der-kreis-der-freundschaft\/"]}]},{"@type":"ImageObject","inLanguage":"de","@id":"https:\/\/www.lilolauser.com\/shop\/produkt\/lilo-lauser-und-der-kreis-der-freundschaft\/#primaryimage","url":"https:\/\/www.lilolauser.com\/shop\/wp-content\/uploads\/2020\/03\/Lilo-Lauser-und-der-Kreis-der-Freundschaft-Kinderbuch.png","contentUrl":"https:\/\/www.lilolauser.com\/shop\/wp-content\/uploads\/2020\/03\/Lilo-Lauser-und-der-Kreis-der-Freundschaft-Kinderbuch.png","width":585,"height":584},{"@type":"BreadcrumbList","@id":"https:\/\/www.lilolauser.com\/shop\/produkt\/lilo-lauser-und-der-kreis-der-freundschaft\/#breadcrumb","itemListElement":[{"@type":"ListItem","position":1,"name":"Startseite","item":"https:\/\/www.lilolauser.com\/shop\/"},{"@type":"ListItem","position":2,"name":"Alle Produkte","item":"https:\/\/www.lilolauser.com\/shop\/alle-produkte\/"},{"@type":"ListItem","position":3,"name":"Lilo Lauser und der Kreis der Freundschaft"}]},{"@type":"WebSite","@id":"https:\/\/www.lilolauser.com\/shop\/#website","url":"https:\/\/www.lilolauser.com\/shop\/","name":"Lilo Lauser","description":"","publisher":{"@id":"https:\/\/www.lilolauser.com\/shop\/#organization"},"potentialAction":[{"@type":"SearchAction","target":{"@type":"EntryPoint","urlTemplate":"https:\/\/www.lilolauser.com\/shop\/?s={search_term_string}"},"query-input":{"@type":"PropertyValueSpecification","valueRequired":true,"valueName":"search_term_string"}}],"inLanguage":"de"},{"@type":"Organization","@id":"https:\/\/www.lilolauser.com\/shop\/#organization","name":"Lebe.Mensch. GmbH","url":"https:\/\/www.lilolauser.com\/shop\/","logo":{"@type":"ImageObject","inLanguage":"de","@id":"https:\/\/www.lilolauser.com\/shop\/#\/schema\/logo\/image\/","url":"https:\/\/www.lilolauser.com\/shop\/wp-content\/uploads\/2021\/01\/LiloLauser_copyright_Logo_kl.png","contentUrl":"https:\/\/www.lilolauser.com\/shop\/wp-content\/uploads\/2021\/01\/LiloLauser_copyright_Logo_kl.png","width":558,"height":97,"caption":"Lebe.Mensch. GmbH"},"image":{"@id":"https:\/\/www.lilolauser.com\/shop\/#\/schema\/logo\/image\/"},"sameAs":["https:\/\/hi-in.facebook.com\/lilolauser\/","https:\/\/www.instagram.com\/lilolauser\/?hl=de"]}]}},"_links":{"self":[{"href":"https:\/\/www.lilolauser.com\/shop\/wp-json\/wp\/v2\/product\/3077","targetHints":{"allow":["GET"]}}],"collection":[{"href":"https:\/\/www.lilolauser.com\/shop\/wp-json\/wp\/v2\/product"}],"about":[{"href":"https:\/\/www.lilolauser.com\/shop\/wp-json\/wp\/v2\/types\/product"}],"replies":[{"embeddable":true,"href":"https:\/\/www.lilolauser.com\/shop\/wp-json\/wp\/v2\/comments?post=3077"}],"wp:featuredmedia":[{"embeddable":true,"href":"https:\/\/www.lilolauser.com\/shop\/wp-json\/wp\/v2\/media\/3362"}],"wp:attachment":[{"href":"https:\/\/www.lilolauser.com\/shop\/wp-json\/wp\/v2\/media?parent=3077"}],"wp:term":[{"taxonomy":"product_cat","embeddable":true,"href":"https:\/\/www.lilolauser.com\/shop\/wp-json\/wp\/v2\/product_cat?post=3077"},{"taxonomy":"product_tag","embeddable":true,"href":"https:\/\/www.lilolauser.com\/shop\/wp-json\/wp\/v2\/product_tag?post=3077"}],"curies":[{"name":"wp","href":"https:\/\/api.w.org\/{rel}","templated":true}]}}