{"id":3304,"date":"2020-05-13T15:50:54","date_gmt":"2020-05-13T13:50:54","guid":{"rendered":"https:\/\/www.lilolauser.com\/shop\/?post_type=product&#038;p=3304"},"modified":"2024-08-10T09:40:20","modified_gmt":"2024-08-10T07:40:20","slug":"piraten-party-pdf-partyspiel","status":"publish","type":"product","link":"https:\/\/www.lilolauser.com\/shop\/produkt\/piraten-party-pdf-partyspiel\/","title":{"rendered":"Piraten Party als PDF"},"content":{"rendered":"<h2><strong>PIRATEN PARTY<\/strong><\/h2>\n<p><strong>Die Suche nach dem verborgenen Schatz<\/strong><\/p>\n<hr \/>\n<p><strong>Beschreibung<\/strong><\/p>\n<p>Ahoi, ihr mutigen Piraten! Auf der Reise zum verborgenen Schatz warten an Bord des Piratenschiffes einige knifflige Aufgaben und gro\u00dfe Abenteuer. Nur gemeinsam ist es m\u00f6glich alle Hindernisse zu meistern und den geheimen, l\u00e4ngst vergessenen Schatz zu erobern. Unter Seefahrern und Piraten munkelt man, dass eine Schatzkiste mit wertvollem Inhalt verborgen liegt. Jeder Pirat auf dieser Reise ist gleicherma\u00dfen wichtig &#8211; denn nur wenn die gesamte Piratencrew des Schiffes ans Ziel kommt, geh\u00f6rt der Schatz auch den Gewinnern. Teamgeist ist gefragt! Alle f\u00fcr einen, einer f\u00fcr alle!<\/p>\n<p>Holt den Anker ein und legt die Leinen los!<\/p>\n<p><strong>So funktioniert es<\/strong><\/p>\n<p>Nach der Bestellung wird der Code zum Download des Leseskripts und alle weiteren Informationen zur Vorbereitung per E-Mail versandt. Die komplette Spielanleitung kann also einfach zu Hause gedruckt werden \u2013 so kann man direkt loslegen!<\/p>\n<p><strong>Spielfokus<\/strong><\/p>\n<p>Die Piratenparty ist als Schnitzeljagd konzipiert. Als Team werden dabei unterschiedliche Aufgaben bestritten, um gemeinsam ans Ziel zu kommen. Es geht darum, die F\u00e4higkeiten der Spielteilnehmer zu b\u00fcndeln. Nur wer die individuellen F\u00e4higkeiten aller Freunde gezielt einsetzt, gewinnt am Ende als Team den geheimnisvollen Schatz.<\/p>\n<p><strong>Spielaufbau<\/strong><\/p>\n<p>Im Lieferumfang enthalten sind folgende Downloads:<\/p>\n<ul>\n<li>Spieleanleitung f\u00fcr den erwachsenen Spielbegleiter<\/li>\n<li>Leseskript f\u00fcr den erwachsenen Spielbegleiter<\/li>\n<li>Materialliste<\/li>\n<li>Anh\u00e4nge zum Ausdruck (s\u00e4mtliche Bastelanleitungen und Druckvorlagen)<\/li>\n<\/ul>\n<p><strong>Das wird noch ben\u00f6tigt<\/strong><\/p>\n<p>Das Skript \u201ePiratenparty\u201c f\u00fchrt durch das Piratenabenteuer. Der erwachsene Spielleiter muss weder kreativ sein, noch muss er sich im Spiel involvieren. Er f\u00fchrt moderierend durch die Geschichte und fungiert vorlesend als Geschichtenerz\u00e4hler. S\u00e4mtliche Anleitungen und Anh\u00e4nge k\u00f6nnen mit jedem handels\u00fcblichen Drucker ausgedruckt werden. In der Materialliste findet man ein paar Utensilien, die das Spielerlebnis noch authentischer machen. Alle Spiele kommen mit wenigen, kosteng\u00fcnstigen Accessoires aus \u2013 viele davon haben Sie bestimmt bereits daheim. Der \u201eSchatz\u201c \u2013 also der Gewinn f\u00fcr die Kinder \u2013 ist dabei ganz Ihnen \u00fcberlassen.<\/p>\n<p>Die Piratenparty ist ab <strong>mindestens zwei<\/strong> <strong>Spieler<\/strong> geeignet.<\/p>\n","protected":false},"excerpt":{"rendered":"<h3><strong>PIRATEN PARTY mit Lilo Lauser<\/strong><\/h3>\n<h4><strong>Die Suche nach dem verborgenen Schatz<\/strong><\/h4>\n<hr \/>\n<p>Spannendes Partyspiel f\u00fcr Kinder als PDF zum Downloaden<\/p>\n","protected":false},"featured_media":3306,"comment_status":"open","ping_status":"closed","template":"","meta":{"site-sidebar-layout":"default","site-content-layout":"default","ast-site-content-layout":"","site-content-style":"default","site-sidebar-style":"default","ast-global-header-display":"","ast-banner-title-visibility":"","ast-main-header-display":"","ast-hfb-above-header-display":"","ast-hfb-below-header-display":"","ast-hfb-mobile-header-display":"","site-post-title":"","ast-breadcrumbs-content":"","ast-featured-img":"","footer-sml-layout":"","theme-transparent-header-meta":"default","adv-header-id-meta":"","stick-header-meta":"","header-above-stick-meta":"","header-main-stick-meta":"","header-below-stick-meta":"","astra-migrate-meta-layouts":"default","ast-page-background-enabled":"default","ast-page-background-meta":{"desktop":{"background-color":"","background-image":"","background-repeat":"repeat","background-position":"center center","background-size":"auto","background-attachment":"scroll","background-type":"","background-media":"","overlay-type":"","overlay-color":"","overlay-opacity":"","overlay-gradient":""},"tablet":{"background-color":"","background-image":"","background-repeat":"repeat","background-position":"center center","background-size":"auto","background-attachment":"scroll","background-type":"","background-media":"","overlay-type":"","overlay-color":"","overlay-opacity":"","overlay-gradient":""},"mobile":{"background-color":"","background-image":"","background-repeat":"repeat","background-position":"center center","background-size":"auto","background-attachment":"scroll","background-type":"","background-media":"","overlay-type":"","overlay-color":"","overlay-opacity":"","overlay-gradient":""}},"ast-content-background-meta":{"desktop":{"background-color":"var(--ast-global-color-5)","background-image":"","background-repeat":"repeat","background-position":"center center","background-size":"auto","background-attachment":"scroll","background-type":"","background-media":"","overlay-type":"","overlay-color":"","overlay-opacity":"","overlay-gradient":""},"tablet":{"background-color":"var(--ast-global-color-5)","background-image":"","background-repeat":"repeat","background-position":"center center","background-size":"auto","background-attachment":"scroll","background-type":"","background-media":"","overlay-type":"","overlay-color":"","overlay-opacity":"","overlay-gradient":""},"mobile":{"background-color":"var(--ast-global-color-5)","background-image":"","background-repeat":"repeat","background-position":"center center","background-size":"auto","background-attachment":"scroll","background-type":"","background-media":"","overlay-type":"","overlay-color":"","overlay-opacity":"","overlay-gradient":""}}},"product_cat":[45],"product_tag":[],"class_list":{"0":"post-3304","1":"product","2":"type-product","3":"status-publish","4":"has-post-thumbnail","6":"product_cat-partyspiele","7":"pif-has-gallery","8":"desktop-align-center","9":"tablet-align-center","10":"mobile-align-center","12":"first","13":"instock","14":"downloadable","15":"virtual","16":"taxable","17":"purchasable","18":"product-type-simple"},"yoast_head":"<!-- This site is optimized with the Yoast SEO plugin v24.2 - https:\/\/yoast.com\/wordpress\/plugins\/seo\/ -->\n<title>Piraten Party als PDF &#187; Lilo Lauser<\/title>\n<meta name=\"robots\" content=\"index, follow, max-snippet:-1, max-image-preview:large, max-video-preview:-1\" \/>\n<link rel=\"canonical\" href=\"https:\/\/www.lilolauser.com\/shop\/produkt\/piraten-party-pdf-partyspiel\/\" \/>\n<meta property=\"og:locale\" content=\"de_DE\" \/>\n<meta property=\"og:type\" content=\"article\" \/>\n<meta property=\"og:title\" content=\"Piraten Party als PDF &#187; Lilo Lauser\" \/>\n<meta property=\"og:description\" content=\"PIRATEN PARTY mit Lilo Lauser Die Suche nach dem verborgenen Schatz    Spannendes Partyspiel f\u00fcr Kinder als PDF zum Downloaden\" \/>\n<meta property=\"og:url\" content=\"https:\/\/www.lilolauser.com\/shop\/produkt\/piraten-party-pdf-partyspiel\/\" \/>\n<meta property=\"og:site_name\" content=\"Lilo Lauser\" \/>\n<meta property=\"article:publisher\" content=\"https:\/\/hi-in.facebook.com\/lilolauser\/\" \/>\n<meta property=\"article:modified_time\" content=\"2024-08-10T07:40:20+00:00\" \/>\n<meta property=\"og:image\" content=\"https:\/\/www.lilolauser.com\/shop\/wp-content\/uploads\/2020\/05\/Partyspiel-Kinder-Piraten-Party-Skript-Kindergeburtstag-1.jpg\" \/>\n\t<meta property=\"og:image:width\" content=\"875\" \/>\n\t<meta property=\"og:image:height\" content=\"876\" \/>\n\t<meta property=\"og:image:type\" content=\"image\/jpeg\" \/>\n<meta name=\"twitter:card\" content=\"summary_large_image\" \/>\n<meta name=\"twitter:label1\" content=\"Gesch\u00e4tzte Lesezeit\" \/>\n\t<meta name=\"twitter:data1\" content=\"2\u00a0Minuten\" \/>\n<script type=\"application\/ld+json\" class=\"yoast-schema-graph\">{\"@context\":\"https:\/\/schema.org\",\"@graph\":[{\"@type\":\"WebPage\",\"@id\":\"https:\/\/www.lilolauser.com\/shop\/produkt\/piraten-party-pdf-partyspiel\/\",\"url\":\"https:\/\/www.lilolauser.com\/shop\/produkt\/piraten-party-pdf-partyspiel\/\",\"name\":\"Piraten Party als PDF &#187; Lilo Lauser\",\"isPartOf\":{\"@id\":\"https:\/\/www.lilolauser.com\/shop\/#website\"},\"primaryImageOfPage\":{\"@id\":\"https:\/\/www.lilolauser.com\/shop\/produkt\/piraten-party-pdf-partyspiel\/#primaryimage\"},\"image\":{\"@id\":\"https:\/\/www.lilolauser.com\/shop\/produkt\/piraten-party-pdf-partyspiel\/#primaryimage\"},\"thumbnailUrl\":\"https:\/\/www.lilolauser.com\/shop\/wp-content\/uploads\/2020\/05\/Partyspiel-Kinder-Piraten-Party-Skript-Kindergeburtstag-1.jpg\",\"datePublished\":\"2020-05-13T13:50:54+00:00\",\"dateModified\":\"2024-08-10T07:40:20+00:00\",\"breadcrumb\":{\"@id\":\"https:\/\/www.lilolauser.com\/shop\/produkt\/piraten-party-pdf-partyspiel\/#breadcrumb\"},\"inLanguage\":\"de\",\"potentialAction\":[{\"@type\":\"ReadAction\",\"target\":[\"https:\/\/www.lilolauser.com\/shop\/produkt\/piraten-party-pdf-partyspiel\/\"]}]},{\"@type\":\"ImageObject\",\"inLanguage\":\"de\",\"@id\":\"https:\/\/www.lilolauser.com\/shop\/produkt\/piraten-party-pdf-partyspiel\/#primaryimage\",\"url\":\"https:\/\/www.lilolauser.com\/shop\/wp-content\/uploads\/2020\/05\/Partyspiel-Kinder-Piraten-Party-Skript-Kindergeburtstag-1.jpg\",\"contentUrl\":\"https:\/\/www.lilolauser.com\/shop\/wp-content\/uploads\/2020\/05\/Partyspiel-Kinder-Piraten-Party-Skript-Kindergeburtstag-1.jpg\",\"width\":875,\"height\":876},{\"@type\":\"BreadcrumbList\",\"@id\":\"https:\/\/www.lilolauser.com\/shop\/produkt\/piraten-party-pdf-partyspiel\/#breadcrumb\",\"itemListElement\":[{\"@type\":\"ListItem\",\"position\":1,\"name\":\"Startseite\",\"item\":\"https:\/\/www.lilolauser.com\/shop\/\"},{\"@type\":\"ListItem\",\"position\":2,\"name\":\"Alle Produkte\",\"item\":\"https:\/\/www.lilolauser.com\/shop\/alle-produkte\/\"},{\"@type\":\"ListItem\",\"position\":3,\"name\":\"Piraten Party als PDF\"}]},{\"@type\":\"WebSite\",\"@id\":\"https:\/\/www.lilolauser.com\/shop\/#website\",\"url\":\"https:\/\/www.lilolauser.com\/shop\/\",\"name\":\"Lilo Lauser\",\"description\":\"\",\"publisher\":{\"@id\":\"https:\/\/www.lilolauser.com\/shop\/#organization\"},\"potentialAction\":[{\"@type\":\"SearchAction\",\"target\":{\"@type\":\"EntryPoint\",\"urlTemplate\":\"https:\/\/www.lilolauser.com\/shop\/?s={search_term_string}\"},\"query-input\":{\"@type\":\"PropertyValueSpecification\",\"valueRequired\":true,\"valueName\":\"search_term_string\"}}],\"inLanguage\":\"de\"},{\"@type\":\"Organization\",\"@id\":\"https:\/\/www.lilolauser.com\/shop\/#organization\",\"name\":\"Lebe.Mensch. GmbH\",\"url\":\"https:\/\/www.lilolauser.com\/shop\/\",\"logo\":{\"@type\":\"ImageObject\",\"inLanguage\":\"de\",\"@id\":\"https:\/\/www.lilolauser.com\/shop\/#\/schema\/logo\/image\/\",\"url\":\"https:\/\/www.lilolauser.com\/shop\/wp-content\/uploads\/2021\/01\/LiloLauser_copyright_Logo_kl.png\",\"contentUrl\":\"https:\/\/www.lilolauser.com\/shop\/wp-content\/uploads\/2021\/01\/LiloLauser_copyright_Logo_kl.png\",\"width\":558,\"height\":97,\"caption\":\"Lebe.Mensch. GmbH\"},\"image\":{\"@id\":\"https:\/\/www.lilolauser.com\/shop\/#\/schema\/logo\/image\/\"},\"sameAs\":[\"https:\/\/hi-in.facebook.com\/lilolauser\/\",\"https:\/\/www.instagram.com\/lilolauser\/?hl=de\"]}]}<\/script>\n<!-- \/ Yoast SEO plugin. -->","yoast_head_json":{"title":"Piraten Party als PDF &#187; Lilo Lauser","robots":{"index":"index","follow":"follow","max-snippet":"max-snippet:-1","max-image-preview":"max-image-preview:large","max-video-preview":"max-video-preview:-1"},"canonical":"https:\/\/www.lilolauser.com\/shop\/produkt\/piraten-party-pdf-partyspiel\/","og_locale":"de_DE","og_type":"article","og_title":"Piraten Party als PDF &#187; Lilo Lauser","og_description":"PIRATEN PARTY mit Lilo Lauser Die Suche nach dem verborgenen Schatz    Spannendes Partyspiel f\u00fcr Kinder als PDF zum Downloaden","og_url":"https:\/\/www.lilolauser.com\/shop\/produkt\/piraten-party-pdf-partyspiel\/","og_site_name":"Lilo Lauser","article_publisher":"https:\/\/hi-in.facebook.com\/lilolauser\/","article_modified_time":"2024-08-10T07:40:20+00:00","og_image":[{"width":875,"height":876,"url":"https:\/\/www.lilolauser.com\/shop\/wp-content\/uploads\/2020\/05\/Partyspiel-Kinder-Piraten-Party-Skript-Kindergeburtstag-1.jpg","type":"image\/jpeg"}],"twitter_card":"summary_large_image","twitter_misc":{"Gesch\u00e4tzte Lesezeit":"2\u00a0Minuten"},"schema":{"@context":"https:\/\/schema.org","@graph":[{"@type":"WebPage","@id":"https:\/\/www.lilolauser.com\/shop\/produkt\/piraten-party-pdf-partyspiel\/","url":"https:\/\/www.lilolauser.com\/shop\/produkt\/piraten-party-pdf-partyspiel\/","name":"Piraten Party als PDF &#187; Lilo Lauser","isPartOf":{"@id":"https:\/\/www.lilolauser.com\/shop\/#website"},"primaryImageOfPage":{"@id":"https:\/\/www.lilolauser.com\/shop\/produkt\/piraten-party-pdf-partyspiel\/#primaryimage"},"image":{"@id":"https:\/\/www.lilolauser.com\/shop\/produkt\/piraten-party-pdf-partyspiel\/#primaryimage"},"thumbnailUrl":"https:\/\/www.lilolauser.com\/shop\/wp-content\/uploads\/2020\/05\/Partyspiel-Kinder-Piraten-Party-Skript-Kindergeburtstag-1.jpg","datePublished":"2020-05-13T13:50:54+00:00","dateModified":"2024-08-10T07:40:20+00:00","breadcrumb":{"@id":"https:\/\/www.lilolauser.com\/shop\/produkt\/piraten-party-pdf-partyspiel\/#breadcrumb"},"inLanguage":"de","potentialAction":[{"@type":"ReadAction","target":["https:\/\/www.lilolauser.com\/shop\/produkt\/piraten-party-pdf-partyspiel\/"]}]},{"@type":"ImageObject","inLanguage":"de","@id":"https:\/\/www.lilolauser.com\/shop\/produkt\/piraten-party-pdf-partyspiel\/#primaryimage","url":"https:\/\/www.lilolauser.com\/shop\/wp-content\/uploads\/2020\/05\/Partyspiel-Kinder-Piraten-Party-Skript-Kindergeburtstag-1.jpg","contentUrl":"https:\/\/www.lilolauser.com\/shop\/wp-content\/uploads\/2020\/05\/Partyspiel-Kinder-Piraten-Party-Skript-Kindergeburtstag-1.jpg","width":875,"height":876},{"@type":"BreadcrumbList","@id":"https:\/\/www.lilolauser.com\/shop\/produkt\/piraten-party-pdf-partyspiel\/#breadcrumb","itemListElement":[{"@type":"ListItem","position":1,"name":"Startseite","item":"https:\/\/www.lilolauser.com\/shop\/"},{"@type":"ListItem","position":2,"name":"Alle Produkte","item":"https:\/\/www.lilolauser.com\/shop\/alle-produkte\/"},{"@type":"ListItem","position":3,"name":"Piraten Party als PDF"}]},{"@type":"WebSite","@id":"https:\/\/www.lilolauser.com\/shop\/#website","url":"https:\/\/www.lilolauser.com\/shop\/","name":"Lilo Lauser","description":"","publisher":{"@id":"https:\/\/www.lilolauser.com\/shop\/#organization"},"potentialAction":[{"@type":"SearchAction","target":{"@type":"EntryPoint","urlTemplate":"https:\/\/www.lilolauser.com\/shop\/?s={search_term_string}"},"query-input":{"@type":"PropertyValueSpecification","valueRequired":true,"valueName":"search_term_string"}}],"inLanguage":"de"},{"@type":"Organization","@id":"https:\/\/www.lilolauser.com\/shop\/#organization","name":"Lebe.Mensch. GmbH","url":"https:\/\/www.lilolauser.com\/shop\/","logo":{"@type":"ImageObject","inLanguage":"de","@id":"https:\/\/www.lilolauser.com\/shop\/#\/schema\/logo\/image\/","url":"https:\/\/www.lilolauser.com\/shop\/wp-content\/uploads\/2021\/01\/LiloLauser_copyright_Logo_kl.png","contentUrl":"https:\/\/www.lilolauser.com\/shop\/wp-content\/uploads\/2021\/01\/LiloLauser_copyright_Logo_kl.png","width":558,"height":97,"caption":"Lebe.Mensch. GmbH"},"image":{"@id":"https:\/\/www.lilolauser.com\/shop\/#\/schema\/logo\/image\/"},"sameAs":["https:\/\/hi-in.facebook.com\/lilolauser\/","https:\/\/www.instagram.com\/lilolauser\/?hl=de"]}]}},"_links":{"self":[{"href":"https:\/\/www.lilolauser.com\/shop\/wp-json\/wp\/v2\/product\/3304","targetHints":{"allow":["GET"]}}],"collection":[{"href":"https:\/\/www.lilolauser.com\/shop\/wp-json\/wp\/v2\/product"}],"about":[{"href":"https:\/\/www.lilolauser.com\/shop\/wp-json\/wp\/v2\/types\/product"}],"replies":[{"embeddable":true,"href":"https:\/\/www.lilolauser.com\/shop\/wp-json\/wp\/v2\/comments?post=3304"}],"wp:featuredmedia":[{"embeddable":true,"href":"https:\/\/www.lilolauser.com\/shop\/wp-json\/wp\/v2\/media\/3306"}],"wp:attachment":[{"href":"https:\/\/www.lilolauser.com\/shop\/wp-json\/wp\/v2\/media?parent=3304"}],"wp:term":[{"taxonomy":"product_cat","embeddable":true,"href":"https:\/\/www.lilolauser.com\/shop\/wp-json\/wp\/v2\/product_cat?post=3304"},{"taxonomy":"product_tag","embeddable":true,"href":"https:\/\/www.lilolauser.com\/shop\/wp-json\/wp\/v2\/product_tag?post=3304"}],"curies":[{"name":"wp","href":"https:\/\/api.w.org\/{rel}","templated":true}]}}