{"id":3450,"date":"2020-05-25T12:14:38","date_gmt":"2020-05-25T10:14:38","guid":{"rendered":"https:\/\/www.lilolauser.com\/shop\/?post_type=product&#038;p=3450"},"modified":"2024-07-20T16:11:28","modified_gmt":"2024-07-20T14:11:28","slug":"prinzessinnen-party-spielanleitung","status":"publish","type":"product","link":"https:\/\/www.lilolauser.com\/shop\/produkt\/prinzessinnen-party-spielanleitung\/","title":{"rendered":"Prinzessinnen Party"},"content":{"rendered":"<h2><strong>Prinzessinnen Party\u00a0<\/strong><\/h2>\n<h3><strong>Rettet die verschwundene Prinzessin<\/strong><\/h3>\n<hr \/>\n<p><strong>Beschreibung<\/strong><\/p>\n<p>Die bezaubernde Prinzessin <strong>Lilli Liebenswert<\/strong> ist verschwunden und braucht die Hilfe ihrer mutigen Freunde! Die Prinzessin wurde entf\u00fchrt und in einen Turm gesperrt. Der Schl\u00fcssel der Lilli Liebenswert befreien kann, ist in viele Teile zerbrochen. Auf der abenteuerlichen Reise geht es also darum, alles an Kreativit\u00e4t und Geschick zu b\u00fcndeln, um die Einzelteile des Schl\u00fcssels im Team zu erspielen. Nur wenn der Schl\u00fcssel wieder ganz ist, kann das Tor zum Turm auch aufgesperrt und die Prinzessin befreit werden. Und wer wei\u00df: Vielleicht gibt es f\u00fcr diese tapfere Heldentat auch eine Belohnung f\u00fcr die furchtlosen Retter. Los, lasst Lilli Liebenswert nicht mehr l\u00e4nger im Turm ausharren!<\/p>\n<p><strong>Spielfokus<\/strong><\/p>\n<p>Die Prinzessinnen Party ist als R\u00e4tsel- und Ratespiel konzipiert. Die gesamte Partyrunde muss unterschiedliche Aufgaben und Denkspiele l\u00f6sen, um gemeinsam die Schl\u00fcsselteile zu erspielen. Es geht darum, die Teamf\u00e4higkeit zu st\u00e4rken und die Talente der Freunde richtig einzusetzen. Nur wer in der Gruppe arbeitet, erk\u00e4mpft sich neben Ruhm und Ehre auch eine Belohnung f\u00fcr die gesamte Heldentruppe.<\/p>\n<p><strong>Spielaufbau<\/strong><\/p>\n<p>Enthalten sind:<\/p>\n<ul>\n<li>Spieleanleitung f\u00fcr den erwachsenen Spielbegleiter<\/li>\n<li>Leseskript f\u00fcr den erwachsenen Spielbegleiter<\/li>\n<li>Materialliste<\/li>\n<li>Anh\u00e4nge zum Ausschneiden (s\u00e4mtliche Bastelanleitungen und Vorlagen)<\/li>\n<\/ul>\n<p><strong>Das wird noch ben\u00f6tigt<\/strong><\/p>\n<p>Das Skript \u201ePrinzessinnen Party\u201c f\u00fchrt \u00fcber Hindernisse und knifflige Aufgaben direkt zum Turm, in dem die Prinzessin Lilli Liebenswert eingesperrt wurde. Der erwachsene Spielleiter muss weder kreativ sein, noch muss er sich im Spiel involvieren. Er f\u00fchrt moderierend durch die Geschichte und fungiert vorlesend als Geschichtenerz\u00e4hler. S\u00e4mtliche Anleitungen und Vorlagen sind inkludiert. In der Materialliste findet man ein paar Utensilien, die das Spielerlebnis noch authentischer machen. Alle Spiele kommen mit wenigen, kosteng\u00fcnstigen Accessoires aus \u2013 viele davon haben Sie bestimmt bereits daheim. Die \u201eBelohnung\u201c \u2013 also der Preis f\u00fcr die Kinder \u2013 ist dabei ganz Ihnen \u00fcberlassen.<\/p>\n<p>Die Prinzessinnen Party ist ab <strong>mindestens zwei Spieler<\/strong> geeignet.<\/p>\n","protected":false},"excerpt":{"rendered":"<h3><strong>PRINZESSINNEN PARTY<\/strong><\/h3>\n<h4><strong>Rettet die verschwundene Prinzessin<\/strong><\/h4>\n<hr \/>\n<p>Partyspiel f\u00fcr Kinder | Brosch\u00fcre<\/p>\n<ul>\n<li><b>Verlag:<\/b> Eigenverlag<\/li>\n<li><b>Sprache:<\/b>\u00a0Deutsch<\/li>\n<li><b>Empfohlenes Alter:<\/b>\u00a05 &#8211; 8 Jahre<\/li>\n<li><b>Erscheinungsdatum:<\/b> 22.05.2020<\/li>\n<li><strong>Auflage:<\/strong> 1.<\/li>\n<li><strong>ISBN: <\/strong>978-3-9519819-4-9<\/li>\n<\/ul>\n","protected":false},"featured_media":3308,"comment_status":"open","ping_status":"closed","template":"","meta":{"site-sidebar-layout":"default","site-content-layout":"default","ast-site-content-layout":"","site-content-style":"default","site-sidebar-style":"default","ast-global-header-display":"","ast-banner-title-visibility":"","ast-main-header-display":"","ast-hfb-above-header-display":"","ast-hfb-below-header-display":"","ast-hfb-mobile-header-display":"","site-post-title":"","ast-breadcrumbs-content":"","ast-featured-img":"","footer-sml-layout":"","theme-transparent-header-meta":"default","adv-header-id-meta":"","stick-header-meta":"","header-above-stick-meta":"","header-main-stick-meta":"","header-below-stick-meta":"","astra-migrate-meta-layouts":"default","ast-page-background-enabled":"default","ast-page-background-meta":{"desktop":{"background-color":"","background-image":"","background-repeat":"repeat","background-position":"center center","background-size":"auto","background-attachment":"scroll","background-type":"","background-media":"","overlay-type":"","overlay-color":"","overlay-opacity":"","overlay-gradient":""},"tablet":{"background-color":"","background-image":"","background-repeat":"repeat","background-position":"center center","background-size":"auto","background-attachment":"scroll","background-type":"","background-media":"","overlay-type":"","overlay-color":"","overlay-opacity":"","overlay-gradient":""},"mobile":{"background-color":"","background-image":"","background-repeat":"repeat","background-position":"center center","background-size":"auto","background-attachment":"scroll","background-type":"","background-media":"","overlay-type":"","overlay-color":"","overlay-opacity":"","overlay-gradient":""}},"ast-content-background-meta":{"desktop":{"background-color":"var(--ast-global-color-5)","background-image":"","background-repeat":"repeat","background-position":"center center","background-size":"auto","background-attachment":"scroll","background-type":"","background-media":"","overlay-type":"","overlay-color":"","overlay-opacity":"","overlay-gradient":""},"tablet":{"background-color":"var(--ast-global-color-5)","background-image":"","background-repeat":"repeat","background-position":"center center","background-size":"auto","background-attachment":"scroll","background-type":"","background-media":"","overlay-type":"","overlay-color":"","overlay-opacity":"","overlay-gradient":""},"mobile":{"background-color":"var(--ast-global-color-5)","background-image":"","background-repeat":"repeat","background-position":"center center","background-size":"auto","background-attachment":"scroll","background-type":"","background-media":"","overlay-type":"","overlay-color":"","overlay-opacity":"","overlay-gradient":""}}},"product_cat":[45],"product_tag":[],"class_list":{"0":"post-3450","1":"product","2":"type-product","3":"status-publish","4":"has-post-thumbnail","6":"product_cat-partyspiele","7":"product_shipping_class-buchversand-at-de","8":"pif-has-gallery","9":"desktop-align-center","10":"tablet-align-center","11":"mobile-align-center","13":"first","14":"instock","15":"taxable","16":"shipping-taxable","17":"purchasable","18":"product-type-simple"},"yoast_head":"<!-- This site is optimized with the Yoast SEO plugin v24.2 - https:\/\/yoast.com\/wordpress\/plugins\/seo\/ -->\n<title>Prinzessinnen Party &#187; Lilo Lauser<\/title>\n<meta name=\"robots\" content=\"index, follow, max-snippet:-1, max-image-preview:large, max-video-preview:-1\" \/>\n<link rel=\"canonical\" href=\"https:\/\/www.lilolauser.com\/shop\/produkt\/prinzessinnen-party-spielanleitung\/\" \/>\n<meta property=\"og:locale\" content=\"de_DE\" \/>\n<meta property=\"og:type\" content=\"article\" \/>\n<meta property=\"og:title\" content=\"Prinzessinnen Party &#187; Lilo Lauser\" \/>\n<meta property=\"og:description\" content=\"PRINZESSINNEN PARTY Rettet die verschwundene Prinzessin    Partyspiel f\u00fcr Kinder | Brosch\u00fcre   Verlag: Eigenverlag  Sprache:\u00a0Deutsch  Empfohlenes Alter:\u00a05 - 8 Jahre  Erscheinungsdatum: 22.05.2020  Auflage: 1.  ISBN: 978-3-9519819-4-9\" \/>\n<meta property=\"og:url\" content=\"https:\/\/www.lilolauser.com\/shop\/produkt\/prinzessinnen-party-spielanleitung\/\" \/>\n<meta property=\"og:site_name\" content=\"Lilo Lauser\" \/>\n<meta property=\"article:publisher\" content=\"https:\/\/hi-in.facebook.com\/lilolauser\/\" \/>\n<meta property=\"article:modified_time\" content=\"2024-07-20T14:11:28+00:00\" \/>\n<meta property=\"og:image\" content=\"https:\/\/www.lilolauser.com\/shop\/wp-content\/uploads\/2020\/05\/Partyspiel-Kinder-Prinzessinnen-Party-Skript-1.jpg\" \/>\n\t<meta property=\"og:image:width\" content=\"878\" \/>\n\t<meta property=\"og:image:height\" content=\"877\" \/>\n\t<meta property=\"og:image:type\" content=\"image\/jpeg\" \/>\n<meta name=\"twitter:card\" content=\"summary_large_image\" \/>\n<meta name=\"twitter:label1\" content=\"Gesch\u00e4tzte Lesezeit\" \/>\n\t<meta name=\"twitter:data1\" content=\"2\u00a0Minuten\" \/>\n<script type=\"application\/ld+json\" class=\"yoast-schema-graph\">{\"@context\":\"https:\/\/schema.org\",\"@graph\":[{\"@type\":\"WebPage\",\"@id\":\"https:\/\/www.lilolauser.com\/shop\/produkt\/prinzessinnen-party-spielanleitung\/\",\"url\":\"https:\/\/www.lilolauser.com\/shop\/produkt\/prinzessinnen-party-spielanleitung\/\",\"name\":\"Prinzessinnen Party &#187; Lilo Lauser\",\"isPartOf\":{\"@id\":\"https:\/\/www.lilolauser.com\/shop\/#website\"},\"primaryImageOfPage\":{\"@id\":\"https:\/\/www.lilolauser.com\/shop\/produkt\/prinzessinnen-party-spielanleitung\/#primaryimage\"},\"image\":{\"@id\":\"https:\/\/www.lilolauser.com\/shop\/produkt\/prinzessinnen-party-spielanleitung\/#primaryimage\"},\"thumbnailUrl\":\"https:\/\/www.lilolauser.com\/shop\/wp-content\/uploads\/2020\/05\/Partyspiel-Kinder-Prinzessinnen-Party-Skript-1.jpg\",\"datePublished\":\"2020-05-25T10:14:38+00:00\",\"dateModified\":\"2024-07-20T14:11:28+00:00\",\"breadcrumb\":{\"@id\":\"https:\/\/www.lilolauser.com\/shop\/produkt\/prinzessinnen-party-spielanleitung\/#breadcrumb\"},\"inLanguage\":\"de\",\"potentialAction\":[{\"@type\":\"ReadAction\",\"target\":[\"https:\/\/www.lilolauser.com\/shop\/produkt\/prinzessinnen-party-spielanleitung\/\"]}]},{\"@type\":\"ImageObject\",\"inLanguage\":\"de\",\"@id\":\"https:\/\/www.lilolauser.com\/shop\/produkt\/prinzessinnen-party-spielanleitung\/#primaryimage\",\"url\":\"https:\/\/www.lilolauser.com\/shop\/wp-content\/uploads\/2020\/05\/Partyspiel-Kinder-Prinzessinnen-Party-Skript-1.jpg\",\"contentUrl\":\"https:\/\/www.lilolauser.com\/shop\/wp-content\/uploads\/2020\/05\/Partyspiel-Kinder-Prinzessinnen-Party-Skript-1.jpg\",\"width\":878,\"height\":877},{\"@type\":\"BreadcrumbList\",\"@id\":\"https:\/\/www.lilolauser.com\/shop\/produkt\/prinzessinnen-party-spielanleitung\/#breadcrumb\",\"itemListElement\":[{\"@type\":\"ListItem\",\"position\":1,\"name\":\"Startseite\",\"item\":\"https:\/\/www.lilolauser.com\/shop\/\"},{\"@type\":\"ListItem\",\"position\":2,\"name\":\"Alle Produkte\",\"item\":\"https:\/\/www.lilolauser.com\/shop\/alle-produkte\/\"},{\"@type\":\"ListItem\",\"position\":3,\"name\":\"Prinzessinnen Party\"}]},{\"@type\":\"WebSite\",\"@id\":\"https:\/\/www.lilolauser.com\/shop\/#website\",\"url\":\"https:\/\/www.lilolauser.com\/shop\/\",\"name\":\"Lilo Lauser\",\"description\":\"\",\"publisher\":{\"@id\":\"https:\/\/www.lilolauser.com\/shop\/#organization\"},\"potentialAction\":[{\"@type\":\"SearchAction\",\"target\":{\"@type\":\"EntryPoint\",\"urlTemplate\":\"https:\/\/www.lilolauser.com\/shop\/?s={search_term_string}\"},\"query-input\":{\"@type\":\"PropertyValueSpecification\",\"valueRequired\":true,\"valueName\":\"search_term_string\"}}],\"inLanguage\":\"de\"},{\"@type\":\"Organization\",\"@id\":\"https:\/\/www.lilolauser.com\/shop\/#organization\",\"name\":\"Lebe.Mensch. GmbH\",\"url\":\"https:\/\/www.lilolauser.com\/shop\/\",\"logo\":{\"@type\":\"ImageObject\",\"inLanguage\":\"de\",\"@id\":\"https:\/\/www.lilolauser.com\/shop\/#\/schema\/logo\/image\/\",\"url\":\"https:\/\/www.lilolauser.com\/shop\/wp-content\/uploads\/2021\/01\/LiloLauser_copyright_Logo_kl.png\",\"contentUrl\":\"https:\/\/www.lilolauser.com\/shop\/wp-content\/uploads\/2021\/01\/LiloLauser_copyright_Logo_kl.png\",\"width\":558,\"height\":97,\"caption\":\"Lebe.Mensch. GmbH\"},\"image\":{\"@id\":\"https:\/\/www.lilolauser.com\/shop\/#\/schema\/logo\/image\/\"},\"sameAs\":[\"https:\/\/hi-in.facebook.com\/lilolauser\/\",\"https:\/\/www.instagram.com\/lilolauser\/?hl=de\"]}]}<\/script>\n<!-- \/ Yoast SEO plugin. -->","yoast_head_json":{"title":"Prinzessinnen Party &#187; Lilo Lauser","robots":{"index":"index","follow":"follow","max-snippet":"max-snippet:-1","max-image-preview":"max-image-preview:large","max-video-preview":"max-video-preview:-1"},"canonical":"https:\/\/www.lilolauser.com\/shop\/produkt\/prinzessinnen-party-spielanleitung\/","og_locale":"de_DE","og_type":"article","og_title":"Prinzessinnen Party &#187; Lilo Lauser","og_description":"PRINZESSINNEN PARTY Rettet die verschwundene Prinzessin    Partyspiel f\u00fcr Kinder | Brosch\u00fcre   Verlag: Eigenverlag  Sprache:\u00a0Deutsch  Empfohlenes Alter:\u00a05 - 8 Jahre  Erscheinungsdatum: 22.05.2020  Auflage: 1.  ISBN: 978-3-9519819-4-9","og_url":"https:\/\/www.lilolauser.com\/shop\/produkt\/prinzessinnen-party-spielanleitung\/","og_site_name":"Lilo Lauser","article_publisher":"https:\/\/hi-in.facebook.com\/lilolauser\/","article_modified_time":"2024-07-20T14:11:28+00:00","og_image":[{"width":878,"height":877,"url":"https:\/\/www.lilolauser.com\/shop\/wp-content\/uploads\/2020\/05\/Partyspiel-Kinder-Prinzessinnen-Party-Skript-1.jpg","type":"image\/jpeg"}],"twitter_card":"summary_large_image","twitter_misc":{"Gesch\u00e4tzte Lesezeit":"2\u00a0Minuten"},"schema":{"@context":"https:\/\/schema.org","@graph":[{"@type":"WebPage","@id":"https:\/\/www.lilolauser.com\/shop\/produkt\/prinzessinnen-party-spielanleitung\/","url":"https:\/\/www.lilolauser.com\/shop\/produkt\/prinzessinnen-party-spielanleitung\/","name":"Prinzessinnen Party &#187; Lilo Lauser","isPartOf":{"@id":"https:\/\/www.lilolauser.com\/shop\/#website"},"primaryImageOfPage":{"@id":"https:\/\/www.lilolauser.com\/shop\/produkt\/prinzessinnen-party-spielanleitung\/#primaryimage"},"image":{"@id":"https:\/\/www.lilolauser.com\/shop\/produkt\/prinzessinnen-party-spielanleitung\/#primaryimage"},"thumbnailUrl":"https:\/\/www.lilolauser.com\/shop\/wp-content\/uploads\/2020\/05\/Partyspiel-Kinder-Prinzessinnen-Party-Skript-1.jpg","datePublished":"2020-05-25T10:14:38+00:00","dateModified":"2024-07-20T14:11:28+00:00","breadcrumb":{"@id":"https:\/\/www.lilolauser.com\/shop\/produkt\/prinzessinnen-party-spielanleitung\/#breadcrumb"},"inLanguage":"de","potentialAction":[{"@type":"ReadAction","target":["https:\/\/www.lilolauser.com\/shop\/produkt\/prinzessinnen-party-spielanleitung\/"]}]},{"@type":"ImageObject","inLanguage":"de","@id":"https:\/\/www.lilolauser.com\/shop\/produkt\/prinzessinnen-party-spielanleitung\/#primaryimage","url":"https:\/\/www.lilolauser.com\/shop\/wp-content\/uploads\/2020\/05\/Partyspiel-Kinder-Prinzessinnen-Party-Skript-1.jpg","contentUrl":"https:\/\/www.lilolauser.com\/shop\/wp-content\/uploads\/2020\/05\/Partyspiel-Kinder-Prinzessinnen-Party-Skript-1.jpg","width":878,"height":877},{"@type":"BreadcrumbList","@id":"https:\/\/www.lilolauser.com\/shop\/produkt\/prinzessinnen-party-spielanleitung\/#breadcrumb","itemListElement":[{"@type":"ListItem","position":1,"name":"Startseite","item":"https:\/\/www.lilolauser.com\/shop\/"},{"@type":"ListItem","position":2,"name":"Alle Produkte","item":"https:\/\/www.lilolauser.com\/shop\/alle-produkte\/"},{"@type":"ListItem","position":3,"name":"Prinzessinnen Party"}]},{"@type":"WebSite","@id":"https:\/\/www.lilolauser.com\/shop\/#website","url":"https:\/\/www.lilolauser.com\/shop\/","name":"Lilo Lauser","description":"","publisher":{"@id":"https:\/\/www.lilolauser.com\/shop\/#organization"},"potentialAction":[{"@type":"SearchAction","target":{"@type":"EntryPoint","urlTemplate":"https:\/\/www.lilolauser.com\/shop\/?s={search_term_string}"},"query-input":{"@type":"PropertyValueSpecification","valueRequired":true,"valueName":"search_term_string"}}],"inLanguage":"de"},{"@type":"Organization","@id":"https:\/\/www.lilolauser.com\/shop\/#organization","name":"Lebe.Mensch. GmbH","url":"https:\/\/www.lilolauser.com\/shop\/","logo":{"@type":"ImageObject","inLanguage":"de","@id":"https:\/\/www.lilolauser.com\/shop\/#\/schema\/logo\/image\/","url":"https:\/\/www.lilolauser.com\/shop\/wp-content\/uploads\/2021\/01\/LiloLauser_copyright_Logo_kl.png","contentUrl":"https:\/\/www.lilolauser.com\/shop\/wp-content\/uploads\/2021\/01\/LiloLauser_copyright_Logo_kl.png","width":558,"height":97,"caption":"Lebe.Mensch. GmbH"},"image":{"@id":"https:\/\/www.lilolauser.com\/shop\/#\/schema\/logo\/image\/"},"sameAs":["https:\/\/hi-in.facebook.com\/lilolauser\/","https:\/\/www.instagram.com\/lilolauser\/?hl=de"]}]}},"_links":{"self":[{"href":"https:\/\/www.lilolauser.com\/shop\/wp-json\/wp\/v2\/product\/3450","targetHints":{"allow":["GET"]}}],"collection":[{"href":"https:\/\/www.lilolauser.com\/shop\/wp-json\/wp\/v2\/product"}],"about":[{"href":"https:\/\/www.lilolauser.com\/shop\/wp-json\/wp\/v2\/types\/product"}],"replies":[{"embeddable":true,"href":"https:\/\/www.lilolauser.com\/shop\/wp-json\/wp\/v2\/comments?post=3450"}],"wp:featuredmedia":[{"embeddable":true,"href":"https:\/\/www.lilolauser.com\/shop\/wp-json\/wp\/v2\/media\/3308"}],"wp:attachment":[{"href":"https:\/\/www.lilolauser.com\/shop\/wp-json\/wp\/v2\/media?parent=3450"}],"wp:term":[{"taxonomy":"product_cat","embeddable":true,"href":"https:\/\/www.lilolauser.com\/shop\/wp-json\/wp\/v2\/product_cat?post=3450"},{"taxonomy":"product_tag","embeddable":true,"href":"https:\/\/www.lilolauser.com\/shop\/wp-json\/wp\/v2\/product_tag?post=3450"}],"curies":[{"name":"wp","href":"https:\/\/api.w.org\/{rel}","templated":true}]}}